{"id":11,"date":"2023-07-18T06:29:56","date_gmt":"2023-07-18T06:29:56","guid":{"rendered":"http:\/\/teatepulk.com\/?page_id=11"},"modified":"2025-01-02T12:30:35","modified_gmt":"2025-01-02T12:30:35","slug":"teatepulk","status":"publish","type":"page","link":"http:\/\/teatepulk.com\/en\/","title":{"rendered":"Teatepulk"},"content":{"rendered":"<p><\/p>\n\n\n\n<div class=\"wp-block-uagb-container uagb-block-3f7286ff alignfull uagb-is-root-container\"><div class=\"uagb-container-inner-blocks-wrap\">\n<p>\"Baton from K\u00fctiorg to Kadriorg. Force. Spirit. Power.\" is a trilogy of exhibitions curated by Jana Huul, Marje Taska and Reet Varblane. The first exhibition \"Force\" was  in Vana-V\u00f5romaa Museum and Art Gallery in 2021, second \"Spirit\" in University of Tartu Museum and St. John's Church in 2022 and third \"Power\" in Kadriorg Park and Kadriorg Art Museum in 2023.<br><\/p>\n<\/div><\/div>\n\n\n\n<div class=\"wp-block-uagb-container uagb-block-539d7881 alignfull uagb-is-root-container\"><div class=\"uagb-container-inner-blocks-wrap\">\n<div class=\"wp-block-uagb-container uagb-block-f60df247\">\n<div class=\"wp-block-uagb-info-box uagb-block-f0daba68 uagb-infobox__content-wrap  uagb-infobox-icon-above-title uagb-infobox-image-valign-top\"><div class=\"uagb-ifb-content\"><div class=\"uagb-ifb-image-content\"><img decoding=\"async\" src=\"http:\/\/teatepulk.com\/wp-content\/uploads\/2023\/08\/VOIM_logo_vagi-copy-300x179.jpg\" alt=\"\" width=\"300\" height=\"179\" loading=\"lazy\"\/><\/div><div class=\"uagb-ifb-title-wrap\"><\/div><p class=\"uagb-ifb-desc\">Vana-V\u00f5romaa Museum and Art Gallery <br>14. 05 \u2013 4. 07. 2021.<\/p><div class=\"uagb-ifb-button-wrapper wp-block-button\"><a href=\"http:\/\/teatepulk.com\/en\/vagi-2021\/\" class=\"uagb-infobox-cta-link wp-block-button__link\" target=\"_self\" rel=\"noopener noreferrer\" onclick=\"return true;\"><span class=\"uagb-inline-editing\">Read more<\/span><\/a><\/div><\/div><\/div>\n<\/div>\n\n\n\n<div class=\"wp-block-uagb-container uagb-block-e14ce2f5\">\n<div class=\"wp-block-uagb-info-box uagb-block-0dac7cdb uagb-infobox__content-wrap  uagb-infobox-icon-above-title uagb-infobox-image-valign-top\"><div class=\"uagb-ifb-content\"><div class=\"uagb-ifb-image-content\"><img decoding=\"async\" src=\"http:\/\/teatepulk.com\/wp-content\/uploads\/2023\/08\/VOIM_logo_Vaim-copy-300x176.jpg\" alt=\"\" width=\"290\" height=\"170\" loading=\"lazy\"\/><\/div><div class=\"uagb-ifb-title-wrap\"><\/div><p class=\"uagb-ifb-desc\">University of Tartu Museum and St. John's Church <br>19. 03. \u2013 8. 05. 2022.<\/p><div class=\"uagb-ifb-button-wrapper wp-block-button\"><a href=\"http:\/\/teatepulk.com\/en\/vaim-2022\/\" class=\"uagb-infobox-cta-link wp-block-button__link\" target=\"_self\" rel=\"noopener noreferrer\" onclick=\"return true;\"><span class=\"uagb-inline-editing\">Read more<\/span><\/a><\/div><\/div><\/div>\n<\/div>\n\n\n\n<div class=\"wp-block-uagb-container uagb-block-3af4a5ea\">\n<div class=\"wp-block-uagb-info-box uagb-block-c7bb13cd uagb-infobox__content-wrap  uagb-infobox-icon-above-title uagb-infobox-image-valign-top\"><div class=\"uagb-ifb-content\"><div class=\"uagb-ifb-image-content\"><img decoding=\"async\" src=\"http:\/\/teatepulk.com\/wp-content\/uploads\/2025\/01\/VOIM_logo11.07-copy-300x173.jpg\" alt=\"\" width=\"300\" height=\"173\" loading=\"lazy\"\/><\/div><div class=\"uagb-ifb-title-wrap\"><\/div><p class=\"uagb-ifb-desc\">Kadriorg Park and Kadriorg Art Museum<br>8.09\u20131.10.2023<\/p><div class=\"uagb-ifb-button-wrapper wp-block-button\"><a href=\"http:\/\/teatepulk.com\/en\/voim-2\/\" class=\"uagb-infobox-cta-link wp-block-button__link\" target=\"_self\" rel=\"noopener noreferrer\" onclick=\"return true;\"><span class=\"uagb-inline-editing\">Read more<\/span><\/a><\/div><\/div><\/div>\n<\/div>\n<\/div><\/div>\n\n\n\n<p><\/p>","protected":false},"excerpt":{"rendered":"<p>\"Baton from K\u00fctiorg to Kadriorg. Force. Spirit. Power.\" is a trilogy of exhibitions curated by Jana Huul, Marje Taska and Reet Varblane. The first exhibition \"Force\" was  in Vana-V\u00f5romaa Museum and Art Gallery in 2021, second \"Spirit\" in University of Tartu Museum and St. John's Church in 2022 and third \"Power\" in Kadriorg Park and Kadriorg Art Museum in 2023.<\/p>","protected":false},"author":1,"featured_media":0,"parent":0,"menu_order":0,"comment_status":"closed","ping_status":"closed","template":"","meta":{"_uag_custom_page_level_css":"","site-sidebar-layout":"default","site-content-layout":"","ast-site-content-layout":"default","site-content-style":"default","site-sidebar-style":"default","ast-global-header-display":"","ast-banner-title-visibility":"","ast-main-header-display":"","ast-hfb-above-header-display":"","ast-hfb-below-header-display":"","ast-hfb-mobile-header-display":"","site-post-title":"disabled","ast-breadcrumbs-content":"","ast-featured-img":"","footer-sml-layout":"","ast-disable-related-posts":"","theme-transparent-header-meta":"","adv-header-id-meta":"","stick-header-meta":"","header-above-stick-meta":"","header-main-stick-meta":"","header-below-stick-meta":"","astra-migrate-meta-layouts":"set","ast-page-background-enabled":"default","ast-page-background-meta":{"desktop":{"background-color":"var(--ast-global-color-4)","background-image":"","background-repeat":"repeat","background-position":"center center","background-size":"auto","background-attachment":"scroll","background-type":"","background-media":"","overlay-type":"","overlay-color":"","overlay-opacity":"","overlay-gradient":""},"tablet":{"background-color":"","background-image":"","background-repeat":"repeat","background-position":"center center","background-size":"auto","background-attachment":"scroll","background-type":"","background-media":"","overlay-type":"","overlay-color":"","overlay-opacity":"","overlay-gradient":""},"mobile":{"background-color":"","background-image":"","background-repeat":"repeat","background-position":"center center","background-size":"auto","background-attachment":"scroll","background-type":"","background-media":"","overlay-type":"","overlay-color":"","overlay-opacity":"","overlay-gradient":""}},"ast-content-background-meta":{"desktop":{"background-color":"var(--ast-global-color-5)","background-image":"","background-repeat":"repeat","background-position":"center center","background-size":"auto","background-attachment":"scroll","background-type":"","background-media":"","overlay-type":"","overlay-color":"","overlay-opacity":"","overlay-gradient":""},"tablet":{"background-color":"var(--ast-global-color-5)","background-image":"","background-repeat":"repeat","background-position":"center center","background-size":"auto","background-attachment":"scroll","background-type":"","background-media":"","overlay-type":"","overlay-color":"","overlay-opacity":"","overlay-gradient":""},"mobile":{"background-color":"var(--ast-global-color-5)","background-image":"","background-repeat":"repeat","background-position":"center center","background-size":"auto","background-attachment":"scroll","background-type":"","background-media":"","overlay-type":"","overlay-color":"","overlay-opacity":"","overlay-gradient":""}},"footnotes":""},"class_list":["post-11","page","type-page","status-publish","hentry"],"uagb_featured_image_src":{"full":false,"thumbnail":false,"medium":false,"medium_large":false,"large":false,"1536x1536":false,"2048x2048":false,"trp-custom-language-flag":false},"uagb_author_info":{"display_name":"admin","author_link":"http:\/\/teatepulk.com\/en\/author\/admin\/"},"uagb_comment_info":0,"uagb_excerpt":"\u201cTeatepulk K\u00fctiorust Kadriorgu. V\u00e4gi. Vaim. V\u00f5im\u201d on Jana Huule, Marje Taska ja Reet Varblase kureeritud n\u00e4ituste trioloogia, mille esimene n\u00e4itus \u201cV\u00e4gi\u201d oli 2021. aastal V\u00f5rus Vana-V\u00f5romaa Kultuurikojas, teine \u201cVaim\u201d 2022. aastal Tartu \u00fclikooli muuseumis ja Jaani kirikus ning kolmas ja viimane n\u00e4itus \u201cV\u00f5im\u201d 2023. aastal Tallinnas Kadrioru pargis ja Kadrioru Kunstimuuseumis.","_links":{"self":[{"href":"http:\/\/teatepulk.com\/en\/wp-json\/wp\/v2\/pages\/11","targetHints":{"allow":["GET"]}}],"collection":[{"href":"http:\/\/teatepulk.com\/en\/wp-json\/wp\/v2\/pages"}],"about":[{"href":"http:\/\/teatepulk.com\/en\/wp-json\/wp\/v2\/types\/page"}],"author":[{"embeddable":true,"href":"http:\/\/teatepulk.com\/en\/wp-json\/wp\/v2\/users\/1"}],"replies":[{"embeddable":true,"href":"http:\/\/teatepulk.com\/en\/wp-json\/wp\/v2\/comments?post=11"}],"version-history":[{"count":45,"href":"http:\/\/teatepulk.com\/en\/wp-json\/wp\/v2\/pages\/11\/revisions"}],"predecessor-version":[{"id":861,"href":"http:\/\/teatepulk.com\/en\/wp-json\/wp\/v2\/pages\/11\/revisions\/861"}],"wp:attachment":[{"href":"http:\/\/teatepulk.com\/en\/wp-json\/wp\/v2\/media?parent=11"}],"curies":[{"name":"wp","href":"https:\/\/api.w.org\/{rel}","templated":true}]}}