{"id":130,"date":"2023-07-19T08:36:42","date_gmt":"2023-07-19T08:36:42","guid":{"rendered":"http:\/\/teatepulk.com\/?page_id=130"},"modified":"2023-07-19T08:36:42","modified_gmt":"2023-07-19T08:36:42","slug":"vagi-tutvustus","status":"publish","type":"page","link":"http:\/\/teatepulk.com\/en\/vagi-tutvustus\/","title":{"rendered":"V\u00e4gi tutvustus"},"content":{"rendered":"<div class=\"wp-block-uagb-container uagb-block-ade40592 alignfull uagb-is-root-container\"><div class=\"uagb-container-inner-blocks-wrap\">\n<div class=\"wp-block-uagb-container uagb-block-28f673e1\">\n<div class=\"wp-block-uagb-advanced-heading uagb-block-9ea457f7\"><h2 class=\"uagb-heading-text\">Esimene peatuspunkt \u201cV\u00e4gi\u201d<\/h2><p class=\"uagb-desc-text\">Vana-V\u00f5romaa Kultuurikojas 14. 05 \u2013 4. 07. 2021.<\/p><\/div>\n<\/div>\n\n\n\n<div class=\"wp-block-uagb-container uagb-block-96ccd32b\">\n<p>\"Force\" is introduced by a (the Force) concept visualized by curators Jana Huul, Marje Taska and Reet Varblane: a mentally charged silver object with a text Sanctus Praesens and the ritual of consecrating a baton filmed in the early morning of the new moon phase in K\u00fctiorg sacred natural site.<\/p>\n\n\n\n<p>Oma s\u00f5numi on kuraatorid teatepulgana andnud \u00fcle k\u00fcmnele kunstnikule, kes on oma t\u00f6\u00f6des v\u00e4ge v\u00e4ljendanud ja endale sobivalt t\u00f5lgendanud.<\/p>\n\n\n\n<p>The development of technology and science hasn't only helped with creating a welfare society but with its recklessness, has initiated an ecological crisis. Primal nature and ancestors' wisdom remind us of the source of the force.&nbsp;<\/p>\n\n\n\n<p>Peeter Laurits has seen force mightier as human, from an eternal perspective (\"Gordion's Knot\"). Ivo Lill's colourful glass object \"Refraction\" functions as the symbol of light and its force.<\/p>\n\n\n\n<p>Anna Hints' installation \"Talks with dead grandmother. Dream nr 26122020\" and Swedish artist Sanne Sihm's enormous faces speak of the ancestors' strength. These are in harmony with Terje Ojaver's sculpture \"The One-Legged Plow Woman\" which is the embodiment of an old woman's toughness.<\/p>\n\n\n\n<p>Uku Sepsivart and Elo Liiv ponder about the tracks of human beings: Sepsivart with a bit of absurdity, Liiv depicts the loss of the force of humankind and nature's rebellion.<\/p>\n\n\n\n<p>Len Murusalu has interpreted force (\"Searching for the Golden Age\") from a distance as an observer of the horizon and searching for its moment \u2013 the <em>sanctus praesens<\/em>Artist duo Villu Plink and Silja Saarepuu's two videos (\"Lady's Portrait\" and \"Gentleman's Portrait\") are an example of the force of the almost invisible and seemingly trivial factors. The exhibition finishes with Raul Meel's \"Love Spells\", manifestation of the force of love.<\/p>\n\n\n\n<p>Aasta p\u00e4rast, 2022. aasta m\u00e4rtsis annavad \u201eV\u00e4e\u201c kunstnikud oma teatepulga \u00fcle \u201eVaimu\u201c kunstnikele ja need omakorda 2023. aastal \u201eV\u00f5imu\u201c omadele. Ehk \u00f5nnestub \u00fchendada v\u00f5im vaimu abil v\u00e4ega ja leida ka v\u00f5imukoldes v\u00e4epaik.<\/p>\n\n\n\n<p>Thanks to: Cultural Endowment of Estonia, Kumu, Guesthouse Taevas, Irene Lill, Ilmar Taska, Indrek Vainu, Tanel Asmer, Indrek Kits, Lauri K\u00fctt, Ago Paabusk, Tiina M\u00f5ttus.<\/p>\n<\/div>\n<\/div><\/div>","protected":false},"excerpt":{"rendered":"<p>Esimene peatuspunkt \u201cV\u00e4gi\u201d Vana-V\u00f5romaa Kultuurikojas 14. 05 \u2013 4. 07. 2021. N\u00e4ituse triloogia esimese peatuse \u201eV\u00e4gi\u201c juhatab sisse kuraatorite visualiseeritud v\u00e4ekontseptsioon: m\u00f5tteliselt laetud h\u00f5bedane objekt tekstiga \u201eSanctus praesens\u201c ning K\u00fctioru Tammets\u00f5\u00f5ris filmitud teatepulga p\u00fchitsemise rituaal (video \u201eAlgus\u201c), mida saadab Anna Hintsi v\u00f5imas v\u00f5rukeelne regilaul. Oma s\u00f5numi on kuraatorid teatepulgana andnud \u00fcle k\u00fcmnele kunstnikule, kes on [&hellip;]<\/p>\n","protected":false},"author":1,"featured_media":0,"parent":0,"menu_order":0,"comment_status":"closed","ping_status":"closed","template":"","meta":{"_uag_custom_page_level_css":"","site-sidebar-layout":"default","site-content-layout":"","ast-site-content-layout":"default","site-content-style":"default","site-sidebar-style":"default","ast-global-header-display":"","ast-banner-title-visibility":"","ast-main-header-display":"","ast-hfb-above-header-display":"","ast-hfb-below-header-display":"","ast-hfb-mobile-header-display":"","site-post-title":"disabled","ast-breadcrumbs-content":"","ast-featured-img":"","footer-sml-layout":"","ast-disable-related-posts":"","theme-transparent-header-meta":"","adv-header-id-meta":"","stick-header-meta":"","header-above-stick-meta":"","header-main-stick-meta":"","header-below-stick-meta":"","astra-migrate-meta-layouts":"default","ast-page-background-enabled":"default","ast-page-background-meta":{"desktop":{"background-color":"var(--ast-global-color-4)","background-image":"","background-repeat":"repeat","background-position":"center center","background-size":"auto","background-attachment":"scroll","background-type":"","background-media":"","overlay-type":"","overlay-color":"","overlay-opacity":"","overlay-gradient":""},"tablet":{"background-color":"","background-image":"","background-repeat":"repeat","background-position":"center center","background-size":"auto","background-attachment":"scroll","background-type":"","background-media":"","overlay-type":"","overlay-color":"","overlay-opacity":"","overlay-gradient":""},"mobile":{"background-color":"","background-image":"","background-repeat":"repeat","background-position":"center center","background-size":"auto","background-attachment":"scroll","background-type":"","background-media":"","overlay-type":"","overlay-color":"","overlay-opacity":"","overlay-gradient":""}},"ast-content-background-meta":{"desktop":{"background-color":"var(--ast-global-color-5)","background-image":"","background-repeat":"repeat","background-position":"center center","background-size":"auto","background-attachment":"scroll","background-type":"","background-media":"","overlay-type":"","overlay-color":"","overlay-opacity":"","overlay-gradient":""},"tablet":{"background-color":"var(--ast-global-color-5)","background-image":"","background-repeat":"repeat","background-position":"center center","background-size":"auto","background-attachment":"scroll","background-type":"","background-media":"","overlay-type":"","overlay-color":"","overlay-opacity":"","overlay-gradient":""},"mobile":{"background-color":"var(--ast-global-color-5)","background-image":"","background-repeat":"repeat","background-position":"center center","background-size":"auto","background-attachment":"scroll","background-type":"","background-media":"","overlay-type":"","overlay-color":"","overlay-opacity":"","overlay-gradient":""}},"footnotes":""},"class_list":["post-130","page","type-page","status-publish","hentry"],"uagb_featured_image_src":{"full":false,"thumbnail":false,"medium":false,"medium_large":false,"large":false,"1536x1536":false,"2048x2048":false,"trp-custom-language-flag":false},"uagb_author_info":{"display_name":"admin","author_link":"http:\/\/teatepulk.com\/en\/author\/admin\/"},"uagb_comment_info":0,"uagb_excerpt":"Esimene peatuspunkt \u201cV\u00e4gi\u201d Vana-V\u00f5romaa Kultuurikojas 14. 05 \u2013 4. 07. 2021. N\u00e4ituse triloogia esimese peatuse \u201eV\u00e4gi\u201c juhatab sisse kuraatorite visualiseeritud v\u00e4ekontseptsioon: m\u00f5tteliselt laetud h\u00f5bedane objekt tekstiga \u201eSanctus praesens\u201c ning K\u00fctioru Tammets\u00f5\u00f5ris filmitud teatepulga p\u00fchitsemise rituaal (video \u201eAlgus\u201c), mida saadab Anna Hintsi v\u00f5imas v\u00f5rukeelne regilaul. Oma s\u00f5numi on kuraatorid teatepulgana andnud \u00fcle k\u00fcmnele kunstnikule, kes on&hellip;","_links":{"self":[{"href":"http:\/\/teatepulk.com\/en\/wp-json\/wp\/v2\/pages\/130","targetHints":{"allow":["GET"]}}],"collection":[{"href":"http:\/\/teatepulk.com\/en\/wp-json\/wp\/v2\/pages"}],"about":[{"href":"http:\/\/teatepulk.com\/en\/wp-json\/wp\/v2\/types\/page"}],"author":[{"embeddable":true,"href":"http:\/\/teatepulk.com\/en\/wp-json\/wp\/v2\/users\/1"}],"replies":[{"embeddable":true,"href":"http:\/\/teatepulk.com\/en\/wp-json\/wp\/v2\/comments?post=130"}],"version-history":[{"count":2,"href":"http:\/\/teatepulk.com\/en\/wp-json\/wp\/v2\/pages\/130\/revisions"}],"predecessor-version":[{"id":132,"href":"http:\/\/teatepulk.com\/en\/wp-json\/wp\/v2\/pages\/130\/revisions\/132"}],"wp:attachment":[{"href":"http:\/\/teatepulk.com\/en\/wp-json\/wp\/v2\/media?parent=130"}],"curies":[{"name":"wp","href":"https:\/\/api.w.org\/{rel}","templated":true}]}}