{"id":6,"date":"2023-07-18T06:28:22","date_gmt":"2023-07-18T06:28:22","guid":{"rendered":"http:\/\/teatepulk.com\/?page_id=6"},"modified":"2025-01-02T11:09:49","modified_gmt":"2025-01-02T11:09:49","slug":"vagi-2021","status":"publish","type":"page","link":"http:\/\/teatepulk.com\/en\/vagi-2021\/","title":{"rendered":"Force, 2021"},"content":{"rendered":"<div class=\"wp-block-uagb-container uagb-block-e9988373 alignfull uagb-is-root-container\"><div class=\"uagb-container-inner-blocks-wrap\">\n<div class=\"wp-block-uagb-container uagb-block-56df924b\">\n<div class=\"wp-block-uagb-image uagb-block-8903319b wp-block-uagb-image--layout-default wp-block-uagb-image--effect-static wp-block-uagb-image--align-none\"><figure class=\"wp-block-uagb-image__figure\"><img decoding=\"async\" srcset=\"http:\/\/teatepulk.com\/wp-content\/uploads\/2023\/08\/VOIM_logo_vagi-copy-1024x610.jpg ,http:\/\/teatepulk.com\/wp-content\/uploads\/2023\/08\/VOIM_logo_vagi-copy.jpg 780w, http:\/\/teatepulk.com\/wp-content\/uploads\/2023\/08\/VOIM_logo_vagi-copy.jpg 360w\" sizes=\"auto, (max-width: 480px) 150px\" src=\"http:\/\/teatepulk.com\/wp-content\/uploads\/2023\/08\/VOIM_logo_vagi-copy-1024x610.jpg\" alt=\"\" class=\"uag-image-611\" width=\"1024\" height=\"610\" title=\"VAGI_layerid\" loading=\"lazy\" role=\"img\"\/><\/figure><\/div>\n<\/div>\n\n\n\n<div class=\"wp-block-uagb-container uagb-block-2884cc6f\">\n<div class=\"wp-block-uagb-info-box uagb-block-eae00deb uagb-infobox__content-wrap  uagb-infobox-icon-above-title uagb-infobox-image-valign-top\"><div class=\"uagb-ifb-content\"><div class=\"uagb-ifb-title-wrap\"><h1 class=\"uagb-ifb-title\">FORCE<\/h1><\/div><p class=\"uagb-ifb-desc\">The first stop of the trilogy Force \u2013 the curators invited ten artist to interpret the subject force and its meaning.<br><br>Vana-V\u00f5romaa Museum and Art Gallery 15.05. \u2013 04.07.2021<\/p><\/div><\/div>\n<\/div>\n<\/div><\/div>\n\n\n\n<div class=\"wp-block-uagb-container uagb-block-53e78bb4 alignfull uagb-is-root-container\"><div class=\"uagb-container-inner-blocks-wrap\">\n<div class=\"wp-block-uagb-container uagb-block-8dec3bb3\">\n<div class=\"wp-block-uagb-advanced-heading uagb-block-584557ef\"><h3 class=\"uagb-heading-text\">Curators<\/h3><p class=\"uagb-desc-text\">Jana Huul, Marje Taska and Reet Varblane, coordinator Stella M\u00f5ttus<\/p><\/div>\n<\/div>\n\n\n\n<div class=\"wp-block-uagb-container uagb-block-8a463aef\">\n<div class=\"wp-block-uagb-advanced-heading uagb-block-cdae4712\"><h3 class=\"uagb-heading-text\">Designer<\/h3><p class=\"uagb-desc-text\">Villu Plink<\/p><\/div>\n<\/div>\n\n\n\n<div class=\"wp-block-uagb-container uagb-block-f288bd66\">\n<div class=\"wp-block-uagb-advanced-heading uagb-block-c99aee3d\"><h3 class=\"uagb-heading-text\">Artists<\/h3><p class=\"uagb-desc-text\">Anna Hints, Peeter Laurits, Ivo Lill, Elo Liiv, Raul Meel, Len Murusalu, Terje Ojaver, Villu Plink and Silja Saarepuu, Uku Sepsivart and Sanne Sihm<\/p><\/div>\n<\/div>\n<\/div><\/div>\n\n\n\n<div class=\"wp-block-uagb-container uagb-block-b60711a6 alignfull uagb-is-root-container\"><div class=\"uagb-container-inner-blocks-wrap\">\n<div class=\"wp-block-uagb-container uagb-block-0179b2b1\">\n<figure class=\"wp-block-image size-full\"><img loading=\"lazy\" decoding=\"async\" width=\"1000\" height=\"523\" src=\"http:\/\/teatepulk.com\/wp-content\/uploads\/2023\/08\/TerjeOjaver.jpg\" alt=\"\" class=\"wp-image-502\" srcset=\"http:\/\/teatepulk.com\/wp-content\/uploads\/2023\/08\/TerjeOjaver.jpg 1000w, http:\/\/teatepulk.com\/wp-content\/uploads\/2023\/08\/TerjeOjaver-300x157.jpg 300w, http:\/\/teatepulk.com\/wp-content\/uploads\/2023\/08\/TerjeOjaver-768x402.jpg 768w\" sizes=\"auto, (max-width: 1000px) 100vw, 1000px\" \/><\/figure>\n\n\n\n<div class=\"wp-block-uagb-info-box uagb-block-83fd5f83 uagb-infobox__content-wrap  uagb-infobox_cta-type-all uagb-infobox-icon-above-title uagb-infobox-image-valign-top\"><a href=\"http:\/\/teatepulk.com\/en\/vagi-teosed\/\" class=\"uagb-infobox-link-wrap uagb-infbox__link-to-all\" target=\"_self\" aria-label=\"Infobox Link\" rel=\"noopener noreferrer\" onclick=\"return true;\"><\/a><div class=\"uagb-ifb-content\"><div class=\"uagb-ifb-title-wrap\"><h3 class=\"uagb-ifb-title\">Artists and works<\/h3><\/div><div class=\"uagb-ifb-button-wrapper wp-block-button\"><\/div><\/div><\/div>\n<\/div>\n\n\n\n<div class=\"wp-block-uagb-container uagb-block-fdce5084\">\n<figure class=\"wp-block-embed is-type-video is-provider-youtube wp-block-embed-youtube wp-embed-aspect-16-9 wp-has-aspect-ratio\"><div class=\"wp-block-embed__wrapper\">\n<iframe loading=\"lazy\" title=\"N\u00e4itus &quot;V\u00e4gi&quot; dokumentatsioon\" width=\"500\" height=\"281\" src=\"https:\/\/www.youtube.com\/embed\/7X_WPaiG1Os?feature=oembed\" frameborder=\"0\" allow=\"accelerometer; autoplay; clipboard-write; encrypted-media; gyroscope; picture-in-picture; web-share\" referrerpolicy=\"strict-origin-when-cross-origin\" allowfullscreen><\/iframe>\n<\/div><\/figure>\n\n\n\n<div class=\"wp-block-uagb-info-box uagb-block-0949054a uagb-infobox__content-wrap  uagb-infobox-icon-above-title uagb-infobox-image-valign-top\"><div class=\"uagb-ifb-content\"><div class=\"uagb-ifb-title-wrap\"><h3 class=\"uagb-ifb-title\"><br>Documentation<\/h3><\/div><\/div><\/div>\n<\/div>\n<\/div><\/div>\n\n\n\n<div class=\"wp-block-uagb-container uagb-block-72cf3f90 alignfull uagb-is-root-container\"><div class=\"uagb-container-inner-blocks-wrap\">\n<div class=\"wp-block-uagb-container uagb-block-6e190bde\">\n<p style=\"margin-top:0;margin-right:0;margin-bottom:0;margin-left:0\">\"Force\" is introduced by a (the Force) concept visualized by curators Jana Huul, Marje Taska and Reet Varblane: a mentally charged silver object with a text Sanctus Praesens and the ritual of consecrating a baton filmed in the early morning of the new moon phase in K\u00fctiorg sacred natural site.<\/p>\n\n\n\n<p style=\"margin-top:0;margin-right:0;margin-bottom:0;margin-left:0\">The development of technology and science hasn't only helped with creating a welfare society but with its recklessness, has initiated an ecological crisis. Primal nature and ancestors' wisdom remind us of the source of the force.&nbsp;<\/p>\n\n\n\n<p style=\"margin-top:0;margin-right:0;margin-bottom:0;margin-left:0\">Peeter Laurits has seen force mightier as human, from an eternal perspective (\"Gordion's Knot\"). Ivo Lill's colourful glass object \"Refraction\" functions as the symbol of light and its force.<\/p>\n\n\n\n<p style=\"margin-top:0;margin-right:0;margin-bottom:0;margin-left:0\">Anna Hints' installation \"Talks with dead grandmother. Dream nr 26122020\" and Swedish artist Sanne Sihm's enormous faces speak of the ancestors' strength. These are in harmony with Terje Ojaver's sculpture \"The One-Legged Plow Woman\" which is the embodiment of an old woman's toughness.<\/p>\n\n\n\n<p style=\"margin-top:0;margin-right:0;margin-bottom:0;margin-left:0\">Uku Sepsivart and Elo Liiv ponder about the tracks of human beings: Sepsivart with a bit of absurdity, Liiv depicts the loss of the force of humankind and nature's rebellion.<\/p>\n\n\n\n<p style=\"margin-top:0;margin-right:0;margin-bottom:0;margin-left:0\">Ka Len Murusalu video \u201eKuldajastut otsimas\u201c tegelane on tema ise, kes \u00fchteviisi anon\u00fc\u00fcmsena tagantvaates kujutatuna, silmapiiri silmitsejana ilmub vaataja ette mitmetes maailmapaikades. Rahutu vandersellina n\u00e4ib ta otsivat ennast ja oma v\u00e4ge, kuid ka hindavat just seda hetke, kus kaamera on teda tabanud. Ta on alati just siin ja praegu,&nbsp;sanctus praesens\u2019is. Villu Plingi ja Silja Saarepuu videoteoste paarik \u201eDaami portree\u201c ja \u201eH\u00e4rra portree\u201c on suurep\u00e4rane n\u00e4ide peaaegu n\u00e4htamatute, n\u00e4iliselt t\u00fchiste tegurite v\u00e4est. V\u00e4ljapaneku l\u00f5ppakord on Raul Meeli digitr\u00fckid, konkreetse luulena visualiseeritud armuloitsud, armastuse v\u00e4e manifestatsioon.<\/p>\n\n\n\n<p style=\"margin-top:0;margin-right:0;margin-bottom:0;margin-left:0\">Reet Varblane<\/p>\n\n\n\n<p style=\"margin-top:0;margin-right:0;margin-bottom:0;margin-left:0\">Thanks to: Cultural Endowment of Estonia, Kumu, Guesthouse Taevas, Irene Lill, Ilmar Taska, Indrek Vainu, Tanel Asmer, Indrek Kits, Lauri K\u00fctt, Ago Paabusk, Tiina M\u00f5ttus.<\/p>\n<\/div>\n<\/div><\/div>","protected":false},"excerpt":{"rendered":"<p>Kuraatorid Jana Huul, Marje Taska ja Reet Varblane, koordinaator Stella M\u00f5ttus Kujundaja Villu Plink Kunstnikud Anna Hints, Peeter Laurits, Ivo Lill, Elo Liiv, Raul Meel, Len Murusalu, Terje Ojaver, Villu Plink ja Silja Saarepuu, Uku Sepsivart ning Sanne Sihm N\u00e4ituse triloogia esimese peatuse \u201eV\u00e4gi\u201c juhatab sisse kuraatorite visualiseeritud v\u00e4ekontseptsioon: m\u00f5tteliselt laetud h\u00f5bedane objekt tekstiga \u201eSanctus [&hellip;]<\/p>\n","protected":false},"author":1,"featured_media":0,"parent":0,"menu_order":0,"comment_status":"closed","ping_status":"closed","template":"","meta":{"_uag_custom_page_level_css":"","site-sidebar-layout":"default","site-content-layout":"","ast-site-content-layout":"default","site-content-style":"default","site-sidebar-style":"default","ast-global-header-display":"","ast-banner-title-visibility":"","ast-main-header-display":"","ast-hfb-above-header-display":"","ast-hfb-below-header-display":"","ast-hfb-mobile-header-display":"","site-post-title":"disabled","ast-breadcrumbs-content":"","ast-featured-img":"","footer-sml-layout":"","ast-disable-related-posts":"","theme-transparent-header-meta":"","adv-header-id-meta":"","stick-header-meta":"","header-above-stick-meta":"","header-main-stick-meta":"","header-below-stick-meta":"","astra-migrate-meta-layouts":"set","ast-page-background-enabled":"default","ast-page-background-meta":{"desktop":{"background-color":"var(--ast-global-color-4)","background-image":"","background-repeat":"repeat","background-position":"center center","background-size":"auto","background-attachment":"scroll","background-type":"","background-media":"","overlay-type":"","overlay-color":"","overlay-opacity":"","overlay-gradient":""},"tablet":{"background-color":"","background-image":"","background-repeat":"repeat","background-position":"center center","background-size":"auto","background-attachment":"scroll","background-type":"","background-media":"","overlay-type":"","overlay-color":"","overlay-opacity":"","overlay-gradient":""},"mobile":{"background-color":"","background-image":"","background-repeat":"repeat","background-position":"center center","background-size":"auto","background-attachment":"scroll","background-type":"","background-media":"","overlay-type":"","overlay-color":"","overlay-opacity":"","overlay-gradient":""}},"ast-content-background-meta":{"desktop":{"background-color":"var(--ast-global-color-5)","background-image":"","background-repeat":"repeat","background-position":"center center","background-size":"auto","background-attachment":"scroll","background-type":"","background-media":"","overlay-type":"","overlay-color":"","overlay-opacity":"","overlay-gradient":""},"tablet":{"background-color":"var(--ast-global-color-5)","background-image":"","background-repeat":"repeat","background-position":"center center","background-size":"auto","background-attachment":"scroll","background-type":"","background-media":"","overlay-type":"","overlay-color":"","overlay-opacity":"","overlay-gradient":""},"mobile":{"background-color":"var(--ast-global-color-5)","background-image":"","background-repeat":"repeat","background-position":"center center","background-size":"auto","background-attachment":"scroll","background-type":"","background-media":"","overlay-type":"","overlay-color":"","overlay-opacity":"","overlay-gradient":""}},"footnotes":""},"class_list":["post-6","page","type-page","status-publish","hentry"],"uagb_featured_image_src":{"full":false,"thumbnail":false,"medium":false,"medium_large":false,"large":false,"1536x1536":false,"2048x2048":false,"trp-custom-language-flag":false},"uagb_author_info":{"display_name":"admin","author_link":"http:\/\/teatepulk.com\/en\/author\/admin\/"},"uagb_comment_info":0,"uagb_excerpt":"Kuraatorid Jana Huul, Marje Taska ja Reet Varblane, koordinaator Stella M\u00f5ttus Kujundaja Villu Plink Kunstnikud Anna Hints, Peeter Laurits, Ivo Lill, Elo Liiv, Raul Meel, Len Murusalu, Terje Ojaver, Villu Plink ja Silja Saarepuu, Uku Sepsivart ning Sanne Sihm N\u00e4ituse triloogia esimese peatuse \u201eV\u00e4gi\u201c juhatab sisse kuraatorite visualiseeritud v\u00e4ekontseptsioon: m\u00f5tteliselt laetud h\u00f5bedane objekt tekstiga \u201eSanctus&hellip;","_links":{"self":[{"href":"http:\/\/teatepulk.com\/en\/wp-json\/wp\/v2\/pages\/6","targetHints":{"allow":["GET"]}}],"collection":[{"href":"http:\/\/teatepulk.com\/en\/wp-json\/wp\/v2\/pages"}],"about":[{"href":"http:\/\/teatepulk.com\/en\/wp-json\/wp\/v2\/types\/page"}],"author":[{"embeddable":true,"href":"http:\/\/teatepulk.com\/en\/wp-json\/wp\/v2\/users\/1"}],"replies":[{"embeddable":true,"href":"http:\/\/teatepulk.com\/en\/wp-json\/wp\/v2\/comments?post=6"}],"version-history":[{"count":73,"href":"http:\/\/teatepulk.com\/en\/wp-json\/wp\/v2\/pages\/6\/revisions"}],"predecessor-version":[{"id":836,"href":"http:\/\/teatepulk.com\/en\/wp-json\/wp\/v2\/pages\/6\/revisions\/836"}],"wp:attachment":[{"href":"http:\/\/teatepulk.com\/en\/wp-json\/wp\/v2\/media?parent=6"}],"curies":[{"name":"wp","href":"https:\/\/api.w.org\/{rel}","templated":true}]}}