{"id":72,"date":"2023-07-18T13:06:24","date_gmt":"2023-07-18T13:06:24","guid":{"rendered":"http:\/\/teatepulk.com\/?page_id=72"},"modified":"2023-08-31T07:37:05","modified_gmt":"2023-08-31T07:37:05","slug":"projekt","status":"publish","type":"page","link":"http:\/\/teatepulk.com\/en\/projekt\/","title":{"rendered":"About"},"content":{"rendered":"<div class=\"wp-block-uagb-container uagb-block-5465bb41 alignfull uagb-is-root-container\"><div class=\"uagb-container-inner-blocks-wrap\">\n<div class=\"wp-block-uagb-container uagb-block-a9a112c0\">\n<div class=\"wp-block-uagb-advanced-heading uagb-block-560c8d7f\"><h2 class=\"uagb-heading-text\">Baton from K\u00fctiorg to Kadriorg. Force. Spirit. Power.<\/h2><\/div>\n<\/div>\n\n\n\n<div class=\"wp-block-uagb-container uagb-block-e06f91fa\">\n<div class=\"wp-block-uagb-info-box uagb-block-f17b289a uagb-infobox__content-wrap  uagb-infobox-icon-above-title uagb-infobox-image-valign-top\"><div class=\"uagb-ifb-content\"><div class=\"uagb-ifb-title-wrap\"><h3 class=\"uagb-ifb-title\">Curators <\/h3><\/div><p class=\"uagb-ifb-desc\">Marje Taska and Reet Varblane<\/p><\/div><\/div>\n\n\n\n<div class=\"wp-block-uagb-info-box uagb-block-b518b17a uagb-infobox__content-wrap  uagb-infobox-icon-above-title uagb-infobox-image-valign-top\"><div class=\"uagb-ifb-content\"><div class=\"uagb-ifb-title-wrap\"><h3 class=\"uagb-ifb-title\">2020\u20132023<\/h3><\/div><\/div><\/div>\n<\/div>\n<\/div><\/div>\n\n\n\n<div class=\"wp-block-uagb-container uagb-block-a6743103 alignfull uagb-is-root-container\"><div class=\"uagb-container-inner-blocks-wrap\">\n<figure class=\"wp-block-embed is-type-video is-provider-youtube wp-block-embed-youtube wp-embed-aspect-16-9 wp-has-aspect-ratio\"><div class=\"wp-block-embed__wrapper\">\n<iframe loading=\"lazy\" title=\"Teatepulk Ku\u0308tiorust Kadriorgu &quot;Algus&quot;\" width=\"500\" height=\"281\" src=\"https:\/\/www.youtube.com\/embed\/D2Og3OY8ScA?feature=oembed\" frameborder=\"0\" allow=\"accelerometer; autoplay; clipboard-write; encrypted-media; gyroscope; picture-in-picture; web-share\" referrerpolicy=\"strict-origin-when-cross-origin\" allowfullscreen><\/iframe>\n<\/div><figcaption class=\"wp-element-caption\">&#8220;<strong>Beginning<\/strong>, 2021, sound: Anna Hints, video: Lauri Nagel<\/figcaption><\/figure>\n\n\n\n<div class=\"wp-block-uagb-container uagb-block-48cf4314\">\n<p style=\"margin-top:0;margin-right:0;margin-bottom:0;margin-left:0\">4. 01. 2020, it's early morning. The three curators gathered in an oak grove in K\u00fctiorg, an ancient  ritual place, to inaugurate the project \"Baton from K\u00fctiorg to Kadriorg\". It was a crisp, but foggy morning. Everything was buried in the grey light, that had thousands of shades, each filled with their own character and force.<\/p>\n\n\n\n<p style=\"margin-top:0;margin-right:0;margin-bottom:0;margin-left:0\">We were suppose to start with \"Force\" at the lightest time of the year in June 15 at Vana-V\u00f5romaa Museum, so that two years later we could arrive with force from V\u00f5rumaa, filled with spirit from the academic Tartu to Kadriorg, the centre of power in the capital city of Tallinn.<\/p>\n\n\n\n<p style=\"margin-top:0;margin-right:0;margin-bottom:0;margin-left:0\">13. 03. 2020 the state of emergency and international pandemic was announced, the society was closed. Because of uncertainty of the situation, \"Force\" had to be postponed into the year 2021.<\/p>\n<\/div>\n\n\n\n<div class=\"wp-block-uagb-container uagb-block-f8b02532\">\n<p style=\"margin-top:0;margin-right:0;margin-bottom:0;margin-left:0\">\u201eBaton from K\u00fctiorg to Kadriorg. Force. Spirit. Power\u201d consists of three exhibitions or stops: first, \"Force\" \" at Vana-V\u00f5romaa Museum and Art Gallery in 2021; second \"Spirit\" in the University of Tartu Museum and St. John's Church in 2022; and third \"Power\" in Kadriorg Park and Art Museum in 2023. <\/p>\n\n\n\n<p style=\"margin-top:0;margin-right:0;margin-bottom:0;margin-left:0\">\u00a0\u201eBaton from K\u00fctiorg to Kadriorg. Force. Spirit. Power\u201d is a curatorial project in which the concept, the selection of artists for the V\u00f5ru exhibition and the medium were devised by the curators and keep evolving like passing a baton. The artists and curators of \u201cForce\u201d pass the baton to the artists of \u201cSpirit\u201d and they, in turn, to those of \u201cPower\u201d. <\/p>\n\n\n\n<p style=\"margin-top:0;margin-right:0;margin-bottom:0;margin-left:0\">The purpose of the exhibition trilogy is to combine power with force by spirit and to find the real force in the hearth of power, not only satisfaction of personal ambitions.<\/p>\n<\/div>\n<\/div><\/div>","protected":false},"excerpt":{"rendered":"<p>Teatepulk K\u00fctiorust Kadriorgu. V\u00e4gi. Vaim. V\u00f5im. 4. 01. 2020, varahommik. Kolm kuraatorit kogunesid K\u00fctioru tammets\u00f5\u00f5ris, rituaalses v\u00e4epaigas, et p\u00fchitseda sisse \u201eTeatepulga\u201d projekt. Oli karge, aga udune hommik. \u00dchtlase halli&nbsp; valguse sees v\u00f5is hoomata tuhandeid varjundeid, igal oma iseloom ja v\u00e4gi. \u201eV\u00e4ega\u201c pidime Vana-V\u00f5romaa Kultuurikojas pihta hakkama k\u00f5ige valgemal ajal, 15. 06, et siis kaks aastat [&hellip;]<\/p>\n","protected":false},"author":1,"featured_media":0,"parent":0,"menu_order":0,"comment_status":"closed","ping_status":"closed","template":"","meta":{"_uag_custom_page_level_css":"","site-sidebar-layout":"default","site-content-layout":"","ast-site-content-layout":"default","site-content-style":"default","site-sidebar-style":"default","ast-global-header-display":"","ast-banner-title-visibility":"","ast-main-header-display":"","ast-hfb-above-header-display":"","ast-hfb-below-header-display":"","ast-hfb-mobile-header-display":"","site-post-title":"disabled","ast-breadcrumbs-content":"","ast-featured-img":"","footer-sml-layout":"","ast-disable-related-posts":"","theme-transparent-header-meta":"","adv-header-id-meta":"","stick-header-meta":"","header-above-stick-meta":"","header-main-stick-meta":"","header-below-stick-meta":"","astra-migrate-meta-layouts":"set","ast-page-background-enabled":"default","ast-page-background-meta":{"desktop":{"background-color":"var(--ast-global-color-4)","background-image":"","background-repeat":"repeat","background-position":"center center","background-size":"auto","background-attachment":"scroll","background-type":"","background-media":"","overlay-type":"","overlay-color":"","overlay-opacity":"","overlay-gradient":""},"tablet":{"background-color":"","background-image":"","background-repeat":"repeat","background-position":"center center","background-size":"auto","background-attachment":"scroll","background-type":"","background-media":"","overlay-type":"","overlay-color":"","overlay-opacity":"","overlay-gradient":""},"mobile":{"background-color":"","background-image":"","background-repeat":"repeat","background-position":"center center","background-size":"auto","background-attachment":"scroll","background-type":"","background-media":"","overlay-type":"","overlay-color":"","overlay-opacity":"","overlay-gradient":""}},"ast-content-background-meta":{"desktop":{"background-color":"var(--ast-global-color-5)","background-image":"","background-repeat":"repeat","background-position":"center center","background-size":"auto","background-attachment":"scroll","background-type":"","background-media":"","overlay-type":"","overlay-color":"","overlay-opacity":"","overlay-gradient":""},"tablet":{"background-color":"var(--ast-global-color-5)","background-image":"","background-repeat":"repeat","background-position":"center center","background-size":"auto","background-attachment":"scroll","background-type":"","background-media":"","overlay-type":"","overlay-color":"","overlay-opacity":"","overlay-gradient":""},"mobile":{"background-color":"var(--ast-global-color-5)","background-image":"","background-repeat":"repeat","background-position":"center center","background-size":"auto","background-attachment":"scroll","background-type":"","background-media":"","overlay-type":"","overlay-color":"","overlay-opacity":"","overlay-gradient":""}},"footnotes":""},"class_list":["post-72","page","type-page","status-publish","hentry"],"uagb_featured_image_src":{"full":false,"thumbnail":false,"medium":false,"medium_large":false,"large":false,"1536x1536":false,"2048x2048":false,"trp-custom-language-flag":false},"uagb_author_info":{"display_name":"admin","author_link":"http:\/\/teatepulk.com\/en\/author\/admin\/"},"uagb_comment_info":0,"uagb_excerpt":"Teatepulk K\u00fctiorust Kadriorgu. V\u00e4gi. Vaim. V\u00f5im. 4. 01. 2020, varahommik. Kolm kuraatorit kogunesid K\u00fctioru tammets\u00f5\u00f5ris, rituaalses v\u00e4epaigas, et p\u00fchitseda sisse \u201eTeatepulga\u201d projekt. Oli karge, aga udune hommik. \u00dchtlase halli&nbsp; valguse sees v\u00f5is hoomata tuhandeid varjundeid, igal oma iseloom ja v\u00e4gi. \u201eV\u00e4ega\u201c pidime Vana-V\u00f5romaa Kultuurikojas pihta hakkama k\u00f5ige valgemal ajal, 15. 06, et siis kaks aastat&hellip;","_links":{"self":[{"href":"http:\/\/teatepulk.com\/en\/wp-json\/wp\/v2\/pages\/72","targetHints":{"allow":["GET"]}}],"collection":[{"href":"http:\/\/teatepulk.com\/en\/wp-json\/wp\/v2\/pages"}],"about":[{"href":"http:\/\/teatepulk.com\/en\/wp-json\/wp\/v2\/types\/page"}],"author":[{"embeddable":true,"href":"http:\/\/teatepulk.com\/en\/wp-json\/wp\/v2\/users\/1"}],"replies":[{"embeddable":true,"href":"http:\/\/teatepulk.com\/en\/wp-json\/wp\/v2\/comments?post=72"}],"version-history":[{"count":26,"href":"http:\/\/teatepulk.com\/en\/wp-json\/wp\/v2\/pages\/72\/revisions"}],"predecessor-version":[{"id":757,"href":"http:\/\/teatepulk.com\/en\/wp-json\/wp\/v2\/pages\/72\/revisions\/757"}],"wp:attachment":[{"href":"http:\/\/teatepulk.com\/en\/wp-json\/wp\/v2\/media?parent=72"}],"curies":[{"name":"wp","href":"https:\/\/api.w.org\/{rel}","templated":true}]}}