{"id":79,"date":"2023-07-18T13:08:42","date_gmt":"2023-07-18T13:08:42","guid":{"rendered":"http:\/\/teatepulk.com\/?page_id=79"},"modified":"2025-01-02T12:02:32","modified_gmt":"2025-01-02T12:02:32","slug":"publikuprogramm","status":"publish","type":"page","link":"http:\/\/teatepulk.com\/en\/publikuprogramm\/","title":{"rendered":"Public program"},"content":{"rendered":"<div class=\"wp-block-uagb-container uagb-block-90872583 alignfull uagb-is-root-container\"><div class=\"uagb-container-inner-blocks-wrap\">\n<div class=\"wp-block-uagb-info-box uagb-block-74be09de uagb-infobox__content-wrap  uagb-infobox-icon-above-title uagb-infobox-image-valign-top\"><div class=\"uagb-ifb-content\"><div class=\"uagb-ifb-title-wrap\"><h2 class=\"uagb-ifb-title\">Public program <\/h2><\/div><p class=\"uagb-ifb-desc\">The public program of exhibition \"Power\" is curated by Centre for Semiotic Applications in collaboration with Tallinn European Green Capital 2023. The program takes place September 8, 9 and 24 in Kadriorg Park and Art Museum. <\/p><\/div><\/div>\n<\/div><\/div>\n\n\n\n<div class=\"wp-block-uagb-container uagb-block-9dd2432b alignfull uagb-is-root-container\"><div class=\"uagb-container-inner-blocks-wrap\">\n<div class=\"wp-block-uagb-container uagb-block-e7a7c875\">\n<div class=\"wp-block-uagb-info-box uagb-block-0be6cff3 uagb-infobox__content-wrap  uagb-infobox-icon-above-title uagb-infobox-image-valign-top\"><div class=\"uagb-ifb-content\"><div class=\"uagb-ifb-title-wrap\"><span class=\"uagb-ifb-title-prefix\">Friday<\/span><h2 class=\"uagb-ifb-title\">08.09<\/h2><\/div><\/div><\/div>\n<\/div>\n\n\n\n<div class=\"wp-block-uagb-container uagb-block-76eef1b7\">\n<div class=\"wp-block-uagb-info-box uagb-block-e0913a6a uagb-infobox__content-wrap  uagb-infobox-icon-above-title uagb-infobox-image-valign-top\"><div class=\"uagb-ifb-content\"><div class=\"uagb-ifb-title-wrap\"><h3 class=\"uagb-ifb-title\">5pm \u2013 opening of exhibition \"Power\"<\/h3><\/div><p class=\"uagb-ifb-desc\">Opening reception of exhibition \"Power\" and tour with curator Reet Varblane and artists <br><br>No registration needed.<\/p><\/div><\/div>\n<\/div>\n<\/div><\/div>\n\n\n\n<div class=\"wp-block-uagb-container uagb-block-9d561f77 alignfull uagb-is-root-container\"><div class=\"uagb-container-inner-blocks-wrap\">\n<div class=\"wp-block-uagb-container uagb-block-b5650f83\">\n<div class=\"wp-block-uagb-info-box uagb-block-c4c68f05 uagb-infobox__content-wrap  uagb-infobox-icon-above-title uagb-infobox-image-valign-top\"><div class=\"uagb-ifb-content\"><div class=\"uagb-ifb-title-wrap\"><span class=\"uagb-ifb-title-prefix\">Saturday<\/span><h2 class=\"uagb-ifb-title\">09.09<\/h2><\/div><\/div><\/div>\n<\/div>\n\n\n\n<div class=\"wp-block-uagb-container uagb-block-5b317c2e\">\n<div class=\"wp-block-uagb-info-box uagb-block-429fd747 uagb-infobox__content-wrap  uagb-infobox-icon-above-title uagb-infobox-image-valign-top\"><div class=\"uagb-ifb-content\"><div class=\"uagb-ifb-title-wrap\"><h3 class=\"uagb-ifb-title\">12:00 \u2013 talk \"Is the parasite a victim or a king?\"<\/h3><\/div><p class=\"uagb-ifb-desc\">Sara B\u00e9dard-Goulet, research Fellow in Romance Studies at the University of Tartu and artists Flo Kasearu and El\u012bna V\u012btola.<br><br>While usually, it's the curator who asks the artists about their work and worldview, then in this talk the artists ask Sara B\u00e9dard-Goulet, the research fellow at the Romance studies, questions related to their work \"Sicker\". <br><br>Sara, Flo and El\u012bna will talk about parasitism in the art world and in elsewhere. Some of the topics they will  will discuss include migration, resettlement (both for sculptures and people), invasive species, the ethics of population control, conservation (and the controversy it might create), the impact and meaning of art spaces. And how it all effects how meaning is created. Parasitism and issues of power in art and research will be also under discussion.<br><br>The talk takes place at the Kadriorg Art Museum<br><\/p><\/div><\/div>\n\n\n\n<div class=\"wp-block-uagb-info-box uagb-block-84eec095 uagb-infobox__content-wrap  uagb-infobox-icon-above-title uagb-infobox-image-valign-top\"><div class=\"uagb-ifb-content\"><div class=\"uagb-ifb-title-wrap\"><h3 class=\"uagb-ifb-title\">14:00 <strong>Semiotic Walk in The Maze of Green Power<\/strong><\/h3><\/div><p class=\"uagb-ifb-desc\">Space semiotician Tiit Remm, biosemiotician Riin Magnus and arstist Ulla Juske.<br><br>A guided walk, during which we analyze how artists have reflected the power relations between humans and other species and how the park itself plays a role in their interpretation. We will also look at Kadriorg Park as a joint creation of humans and other species and how human favouring and control activities have shaped it throughout time. Through the artworks, you are directed to notice current interpretations and viewpoints related to the maze of different species and power relations in Kadrioru Park as a living exhibition space.<br><br>The walk takes place at exhibition \"Power\", with a starting point at the Information Point of Kadriorg Park.<br><\/p><\/div><\/div>\n\n\n\n<div class=\"wp-block-uagb-info-box uagb-block-fd731861 uagb-infobox__content-wrap  uagb-infobox-icon-above-title uagb-infobox-image-valign-top\"><div class=\"uagb-ifb-content\"><div class=\"uagb-ifb-title-wrap\"><h3 class=\"uagb-ifb-title\">15:30 <strong>Literary Walk in The Labyrinths of Power in Kadriorg<\/strong><\/h3><\/div><p class=\"uagb-ifb-desc\">Literary scholars Ene-Reet Soovik, Elle-Mari Talivee and Kadri T\u00fc\u00fcr.<br><br>Literary walk in Kadriorg Park. We start at the Juhan Viiding memorial bench and walk down the bank of Lasnam\u00e4e. We are talking about literature and art in public space and the interweaving of all this with power. We will touch upon writers such as A.H. Tammsaare and E. Vilde; the statues \"Vidri Rein\" and Alatskivi Apollo, Mudist's \"Kodumaa\" and Adamson's \"Russalka\"; and talk about Kadriorg residents Jaans, Johanneses and Juhans.\u00a0\u00a0\u00a0<br><br>The walk will take place in Kadriorg Park, with a starting point at Juhan Viiding memorial bench.<br><\/p><\/div><\/div>\n<\/div>\n<\/div><\/div>\n\n\n\n<div class=\"wp-block-uagb-container uagb-block-f27d4b4d alignfull uagb-is-root-container\"><div class=\"uagb-container-inner-blocks-wrap\">\n<div class=\"wp-block-uagb-container uagb-block-0b6e3617\">\n<div class=\"wp-block-uagb-info-box uagb-block-fab47024 uagb-infobox__content-wrap  uagb-infobox-icon-above-title uagb-infobox-image-valign-top\"><div class=\"uagb-ifb-content\"><div class=\"uagb-ifb-title-wrap\"><span class=\"uagb-ifb-title-prefix\">Sunday<\/span><h2 class=\"uagb-ifb-title\">24.09<\/h2><\/div><\/div><\/div>\n<\/div>\n\n\n\n<div class=\"wp-block-uagb-container uagb-block-41f5e1f7\">\n<div class=\"wp-block-uagb-info-box uagb-block-1479b501 uagb-infobox__content-wrap  uagb-infobox-icon-above-title uagb-infobox-image-valign-top\"><div class=\"uagb-ifb-content\"><div class=\"uagb-ifb-title-wrap\"><h3 class=\"uagb-ifb-title\">13:00 Talk \"Who is urban space for? Patterns of Gender and Power in the City\"<\/h3><\/div><p class=\"uagb-ifb-desc\">Communication specialist Barbi Pilvre and Nighttime Adviser of Tallinn Natalie Mets <br><br>Talk will take place in Kadriorg Art Museum<br><br>Gender as a dimension, invisible at first glance, can be observed everywhere. Urban planning of public areas \u2013 parks, recreational areas, access to the forest \u2013 affect the democracy of urban space from a gender perspective. The organizers of urban life, often without bad intentions or by default, prioritize the interests of one or another social group. This leads to comfort for some and discomfort, lack of access or even prohibition to other social groups. The way in which the services are aimed at the target groups also gives them status; and status is known to be the use of power.\u00a0<br><br><\/p><\/div><\/div>\n\n\n\n<div class=\"wp-block-uagb-info-box uagb-block-f3fc1895 uagb-infobox__content-wrap  uagb-infobox-icon-above-title uagb-infobox-image-valign-top\"><div class=\"uagb-ifb-content\"><div class=\"uagb-ifb-title-wrap\"><h3 class=\"uagb-ifb-title\">14:30 Lecture and discussion \u201cMultispecies City\"<\/h3><\/div><p class=\"uagb-ifb-desc\">Ecosemiotician and poet Timo Maran<br><br>The lecture introduces the concept of a multispecies city - urban environment as the space where animal and plant species find a habitat and establish relationships with each other. From the perspective of semiotics, new meanings, aesthetics and meaningfulness are born from the encounters of different species. These connections makes the living environment of the city more valuable. A multi-species city is also directly related to the issue of power: what are the opportunities for species to participate in the development of the environment? How to understand and represent their interests? The lecture will be followed by informal discussion.<br><br>Talk will take place in Kadriorg Art Museum<br><br><\/p><\/div><\/div>\n<\/div>\n<\/div><\/div>\n\n\n\n<p><\/p>\n\n\n\n<div class=\"wp-block-uagb-container uagb-block-2901ffa6 alignfull uagb-is-root-container\"><div class=\"uagb-container-inner-blocks-wrap\">\n<div class=\"wp-block-uagb-container uagb-block-7f768c0f\">\n<figure class=\"wp-block-image size-medium\"><img loading=\"lazy\" decoding=\"async\" width=\"300\" height=\"48\" src=\"http:\/\/teatepulk.com\/wp-content\/uploads\/2023\/08\/logo_est_hall-300x48.jpg\" alt=\"\" class=\"wp-image-691\" srcset=\"http:\/\/teatepulk.com\/wp-content\/uploads\/2023\/08\/logo_est_hall-300x48.jpg 300w, http:\/\/teatepulk.com\/wp-content\/uploads\/2023\/08\/logo_est_hall-1024x162.jpg 1024w, http:\/\/teatepulk.com\/wp-content\/uploads\/2023\/08\/logo_est_hall-768x122.jpg 768w, http:\/\/teatepulk.com\/wp-content\/uploads\/2023\/08\/logo_est_hall-1536x243.jpg 1536w, http:\/\/teatepulk.com\/wp-content\/uploads\/2023\/08\/logo_est_hall-2048x324.jpg 2048w\" sizes=\"auto, (max-width: 300px) 100vw, 300px\" \/><\/figure>\n<\/div>\n\n\n\n<div class=\"wp-block-uagb-container uagb-block-6fe36433\">\n<figure class=\"wp-block-image size-medium\"><img loading=\"lazy\" decoding=\"async\" width=\"300\" height=\"128\" src=\"http:\/\/teatepulk.com\/wp-content\/uploads\/2023\/08\/Roheline_pealinn_EST_varviline_RGB-300x128.jpg\" alt=\"\" class=\"wp-image-688\" srcset=\"http:\/\/teatepulk.com\/wp-content\/uploads\/2023\/08\/Roheline_pealinn_EST_varviline_RGB-300x128.jpg 300w, http:\/\/teatepulk.com\/wp-content\/uploads\/2023\/08\/Roheline_pealinn_EST_varviline_RGB-1024x436.jpg 1024w, http:\/\/teatepulk.com\/wp-content\/uploads\/2023\/08\/Roheline_pealinn_EST_varviline_RGB-768x327.jpg 768w, http:\/\/teatepulk.com\/wp-content\/uploads\/2023\/08\/Roheline_pealinn_EST_varviline_RGB.jpg 1063w\" sizes=\"auto, (max-width: 300px) 100vw, 300px\" \/><\/figure>\n<\/div>\n<\/div><\/div>","protected":false},"excerpt":{"rendered":"","protected":false},"author":1,"featured_media":0,"parent":0,"menu_order":0,"comment_status":"closed","ping_status":"closed","template":"","meta":{"_uag_custom_page_level_css":"","site-sidebar-layout":"default","site-content-layout":"","ast-site-content-layout":"default","site-content-style":"default","site-sidebar-style":"default","ast-global-header-display":"","ast-banner-title-visibility":"","ast-main-header-display":"","ast-hfb-above-header-display":"","ast-hfb-below-header-display":"","ast-hfb-mobile-header-display":"","site-post-title":"disabled","ast-breadcrumbs-content":"","ast-featured-img":"","footer-sml-layout":"","ast-disable-related-posts":"","theme-transparent-header-meta":"","adv-header-id-meta":"","stick-header-meta":"","header-above-stick-meta":"","header-main-stick-meta":"","header-below-stick-meta":"","astra-migrate-meta-layouts":"set","ast-page-background-enabled":"default","ast-page-background-meta":{"desktop":{"background-color":"var(--ast-global-color-4)","background-image":"","background-repeat":"repeat","background-position":"center center","background-size":"auto","background-attachment":"scroll","background-type":"","background-media":"","overlay-type":"","overlay-color":"","overlay-opacity":"","overlay-gradient":""},"tablet":{"background-color":"","background-image":"","background-repeat":"repeat","background-position":"center center","background-size":"auto","background-attachment":"scroll","background-type":"","background-media":"","overlay-type":"","overlay-color":"","overlay-opacity":"","overlay-gradient":""},"mobile":{"background-color":"","background-image":"","background-repeat":"repeat","background-position":"center center","background-size":"auto","background-attachment":"scroll","background-type":"","background-media":"","overlay-type":"","overlay-color":"","overlay-opacity":"","overlay-gradient":""}},"ast-content-background-meta":{"desktop":{"background-color":"var(--ast-global-color-5)","background-image":"","background-repeat":"repeat","background-position":"center center","background-size":"auto","background-attachment":"scroll","background-type":"","background-media":"","overlay-type":"","overlay-color":"","overlay-opacity":"","overlay-gradient":""},"tablet":{"background-color":"var(--ast-global-color-5)","background-image":"","background-repeat":"repeat","background-position":"center center","background-size":"auto","background-attachment":"scroll","background-type":"","background-media":"","overlay-type":"","overlay-color":"","overlay-opacity":"","overlay-gradient":""},"mobile":{"background-color":"var(--ast-global-color-5)","background-image":"","background-repeat":"repeat","background-position":"center center","background-size":"auto","background-attachment":"scroll","background-type":"","background-media":"","overlay-type":"","overlay-color":"","overlay-opacity":"","overlay-gradient":""}},"footnotes":""},"class_list":["post-79","page","type-page","status-publish","hentry"],"uagb_featured_image_src":{"full":false,"thumbnail":false,"medium":false,"medium_large":false,"large":false,"1536x1536":false,"2048x2048":false,"trp-custom-language-flag":false},"uagb_author_info":{"display_name":"admin","author_link":"http:\/\/teatepulk.com\/en\/author\/admin\/"},"uagb_comment_info":0,"uagb_excerpt":null,"_links":{"self":[{"href":"http:\/\/teatepulk.com\/en\/wp-json\/wp\/v2\/pages\/79","targetHints":{"allow":["GET"]}}],"collection":[{"href":"http:\/\/teatepulk.com\/en\/wp-json\/wp\/v2\/pages"}],"about":[{"href":"http:\/\/teatepulk.com\/en\/wp-json\/wp\/v2\/types\/page"}],"author":[{"embeddable":true,"href":"http:\/\/teatepulk.com\/en\/wp-json\/wp\/v2\/users\/1"}],"replies":[{"embeddable":true,"href":"http:\/\/teatepulk.com\/en\/wp-json\/wp\/v2\/comments?post=79"}],"version-history":[{"count":30,"href":"http:\/\/teatepulk.com\/en\/wp-json\/wp\/v2\/pages\/79\/revisions"}],"predecessor-version":[{"id":842,"href":"http:\/\/teatepulk.com\/en\/wp-json\/wp\/v2\/pages\/79\/revisions\/842"}],"wp:attachment":[{"href":"http:\/\/teatepulk.com\/en\/wp-json\/wp\/v2\/media?parent=79"}],"curies":[{"name":"wp","href":"https:\/\/api.w.org\/{rel}","templated":true}]}}