{"id":9,"date":"2023-07-18T06:29:04","date_gmt":"2023-07-18T06:29:04","guid":{"rendered":"http:\/\/teatepulk.com\/?page_id=9"},"modified":"2025-01-02T12:11:19","modified_gmt":"2025-01-02T12:11:19","slug":"vaim-2022","status":"publish","type":"page","link":"http:\/\/teatepulk.com\/en\/vaim-2022\/","title":{"rendered":"Spirit, 2022"},"content":{"rendered":"<div class=\"wp-block-uagb-container uagb-block-9f0022dc alignfull uagb-is-root-container\"><div class=\"uagb-container-inner-blocks-wrap\">\n<div class=\"wp-block-uagb-container uagb-block-9bdeee93\">\n<figure class=\"wp-block-image size-large\"><img loading=\"lazy\" decoding=\"async\" width=\"1024\" height=\"602\" src=\"http:\/\/teatepulk.com\/wp-content\/uploads\/2023\/08\/VOIM_logo_Vaim-copy-1024x602.jpg\" alt=\"\" class=\"wp-image-625\" srcset=\"http:\/\/teatepulk.com\/wp-content\/uploads\/2023\/08\/VOIM_logo_Vaim-copy-1024x602.jpg 1024w, http:\/\/teatepulk.com\/wp-content\/uploads\/2023\/08\/VOIM_logo_Vaim-copy-300x176.jpg 300w, http:\/\/teatepulk.com\/wp-content\/uploads\/2023\/08\/VOIM_logo_Vaim-copy-768x452.jpg 768w, http:\/\/teatepulk.com\/wp-content\/uploads\/2023\/08\/VOIM_logo_Vaim-copy.jpg 1080w\" sizes=\"auto, (max-width: 1024px) 100vw, 1024px\" \/><\/figure>\n<\/div>\n\n\n\n<div class=\"wp-block-uagb-container uagb-block-f303fff7\">\n<div class=\"wp-block-uagb-advanced-heading uagb-block-e3ed7c3c\"><h2 class=\"uagb-heading-text\">SPIRIT<\/h2><\/div>\n\n\n\n<p style=\"margin-top:0;margin-bottom:0\">Second stop of the trilogy Spirit \u2013 the curators and contemplating on the concepts of spirit and spirituality.<\/p>\n\n\n\n<p style=\"margin-top:0;margin-bottom:0\">University of Tartu Museum and St. John's Church March 19 \u2013 May 8, 2022<\/p>\n<\/div>\n<\/div><\/div>\n\n\n\n<div class=\"wp-block-uagb-container uagb-block-53e78bb4 alignfull uagb-is-root-container\"><div class=\"uagb-container-inner-blocks-wrap\">\n<div class=\"wp-block-uagb-container uagb-block-8dec3bb3\">\n<div class=\"wp-block-uagb-advanced-heading uagb-block-584557ef\"><h3 class=\"uagb-heading-text\">Curators<\/h3><p class=\"uagb-desc-text\">Marje Taska and Reet Varblane, exhibition project manager Ingrid Sahk<\/p><\/div>\n<\/div>\n\n\n\n<div class=\"wp-block-uagb-container uagb-block-8a463aef\">\n<div class=\"wp-block-uagb-advanced-heading uagb-block-cdae4712\"><h3 class=\"uagb-heading-text\">Designer<\/h3><p class=\"uagb-desc-text\">Villu Plink<\/p><\/div>\n<\/div>\n\n\n\n<div class=\"wp-block-uagb-container uagb-block-f288bd66\">\n<div class=\"wp-block-uagb-advanced-heading uagb-block-c99aee3d\"><h3 class=\"uagb-heading-text\">Artists<\/h3><p class=\"uagb-desc-text\">Riho Kall, Kiwa, Aime Kuulbusch, Toomas Kuusing, Eva Labotkin, Roomet Jakapi ja Tanel Rander, Mare Mikoff, Linda Nurk (Sweden), Marja-Liisa Plats, Paul Rodgers, Matthias Sildnik, \u00dclo Sooster, Uno Svensson (Sweden), Andres Tali, Varvara and Mar, and Mare Vint.<\/p><\/div>\n<\/div>\n<\/div><\/div>\n\n\n\n<div class=\"wp-block-uagb-container uagb-block-80c6226d alignfull uagb-is-root-container\"><div class=\"uagb-container-inner-blocks-wrap\">\n<div class=\"wp-block-uagb-container uagb-block-7e648071\">\n<div class=\"wp-block-uagb-info-box uagb-block-ca06af84 uagb-infobox__content-wrap  uagb-infobox_cta-type-all uagb-infobox-icon-above-title uagb-infobox-image-valign-top\"><a href=\"http:\/\/teatepulk.com\/en\/vaim-teosed\/\" class=\"uagb-infobox-link-wrap uagb-infbox__link-to-all\" target=\"_self\" aria-label=\"Infobox Link\" rel=\"noopener noreferrer\" onclick=\"return true;\"><\/a><div class=\"uagb-ifb-content\"><div class=\"uagb-ifb-image-content\"><img decoding=\"async\" src=\"http:\/\/teatepulk.com\/wp-content\/uploads\/2023\/08\/Untitled_1.13.1-copy.jpg\" alt=\"\" width=\"1920\" height=\"1004\" loading=\"lazy\"\/><\/div><div class=\"uagb-ifb-title-wrap\"><h3 class=\"uagb-ifb-title\">Artists and works<\/h3><\/div><div class=\"uagb-ifb-button-wrapper wp-block-button\"><\/div><\/div><\/div>\n<\/div>\n\n\n\n<div class=\"wp-block-uagb-container uagb-block-03cc573d\">\n<figure class=\"wp-block-embed is-type-video is-provider-youtube wp-block-embed-youtube wp-embed-aspect-16-9 wp-has-aspect-ratio\" style=\"margin-top:0;margin-right:0;margin-bottom:0;margin-left:0\"><div class=\"wp-block-embed__wrapper\">\n<iframe loading=\"lazy\" title=\"N\u00e4itus &quot;Vaim&quot; dokumentatsioon\" width=\"500\" height=\"281\" src=\"https:\/\/www.youtube.com\/embed\/5MElxCaSwOo?feature=oembed\" frameborder=\"0\" allow=\"accelerometer; autoplay; clipboard-write; encrypted-media; gyroscope; picture-in-picture; web-share\" referrerpolicy=\"strict-origin-when-cross-origin\" allowfullscreen><\/iframe>\n<\/div><\/figure>\n\n\n\n<div class=\"wp-block-uagb-info-box uagb-block-bd775754 uagb-infobox__content-wrap  uagb-infobox-icon-above-title uagb-infobox-image-valign-top\"><div class=\"uagb-ifb-content\"><div class=\"uagb-ifb-title-wrap\"><h3 class=\"uagb-ifb-title\">Documentation<\/h3><\/div><\/div><\/div>\n<\/div>\n<\/div><\/div>\n\n\n\n<div class=\"wp-block-uagb-container uagb-block-9aa09470 alignfull uagb-is-root-container\"><div class=\"uagb-container-inner-blocks-wrap\">\n<div class=\"wp-block-uagb-container uagb-block-c6967245\">\n<p style=\"margin-top:0;margin-right:0;margin-bottom:0;margin-left:0\">What leads people to the spirit (and spirituality) is the curiosity and empathy that make it possible to reflect on and know oneself and the surrounding world. We can speak of the mindsets of distinct locations and eras. Human curiosity and thirst for knowledge are not limited only to the tangible, this is why the subject of spirituality can be taken further, to a higher level where it can be called eternity, godly love or cosmic inspiration.<\/p>\n\n\n\n<p style=\"margin-top:0;margin-right:0;margin-bottom:0;margin-left:0\">The route of the exhibition trilogy leads from V\u00f5rumaa to Tallinn through Tartu. The academic spirit cannot be overlooked in the university town, especially bearing in mind that the University of Tartu museum is located in the ruins of the Cathedral. Tartu has also always been a cultural centre with its own particular mindset. In spite of all the attempts to define the spirit of Tartu, whether as a phenomenon, a location or a personality, it remains evasive. &nbsp;<\/p>\n\n\n\n<p style=\"margin-top:0;margin-right:0;margin-bottom:0;margin-left:0\">The exhibition \u201cForce\u201d was introduced by the concept of force as visualised by the curators: a silver baton as a tiny rolled up manuscript with the text \u201cSanctus praesens\u201d. The concept of spirit is carried by a fifty times larger modernist machine that transmits in telegraph code, or Morse, the message of the exhibition: \"Pax in praesentia sancta\". The Morse apparatus, the supernatural multiplexer, is a generator of peace, because only when there is peace can the spirit unfold and evolve. It is imperative to preserve one's spiritual integrity when politics become complicated.<\/p>\n\n\n\n<p style=\"margin-top:0;margin-right:0;margin-bottom:0;margin-left:0\">The exhibition \u201cSpirit\u201d can be divided into two: works featuring the spirit of Tartu, on the one hand, and works that are meditations on eternal existential subjects and spirit, interpreted from the contemporary point of view, the holy present, on the other.<\/p>\n\n\n\n<p style=\"margin-top:0;margin-right:0;margin-bottom:0;margin-left:0\">The depiction of an egg by \u00dclo Sooster, who brought the Tartu spirit to the international arena, demonstrates the potential of the spirituality of Tartu in the broadest sense. The installation by Eva Labotkin, Tanel Rander and Roomet Jakapi can be viewed as a poetic-ironic scenario for a future when Tartu (the River Emaj\u00f5gi) joins the world spirit (world ocean). The videos created using AI by Varvara Mar and Matthias Sildnik follow a similar line. The synthetic landscapes of Varvara and Mar question the identity, the genius loci of a familiar location. Matthias Sildnik has studied how words manipulate the brain and compared the effect with the effect of gene therapy on lab mice.<\/p>\n\n\n\n<p style=\"margin-top:0;margin-right:0;margin-bottom:0;margin-left:0\">The metaphysical park landscapes of Mare Vint contain eternity and a cosmic dimension. The mirror  labyrinth, the mirror in the mirror by Kiwa designates the unattainable elevated spirit as well as its illusoriness. The female figures of Mare Mikof and Aime Kuulbusch are Songs of Songs  to women: \u201cI Wish to Take Wing\u201d by Kuulbusch is a modernist allegory to the free spirit, and \u201cHerdsgirl\u201d by Mikoff is a contemporary interpretation of strong Biblical women (exhibited in St. John's Church). Andres Tali has observed spirit as an inner human 'godly' aspect that may elevate and also destroy. Toomas Kuusing presents witty reconstructions of cultural meanings (exhibited in St. John's Church). Uno Svensson's congloremates or bunches of humans designate the collective anonymous spirit, but the sense of discomfort emanating from them call for their cancellation (St. John's Church).<\/p>\n\n\n\n<p style=\"margin-top:0;margin-right:0;margin-bottom:0;margin-left:0\">For Linda Nurk, Paul Rodgers and Marja-Liisa Plats, spirituality is not only a human privilege, it belongs to other living beings too (silk worms, beavers or bats).<\/p>\n\n\n\n<p style=\"margin-top:0;margin-right:0;margin-bottom:0;margin-left:0\">Riho Kall approached spirit through sublimation: the artist's absent father figure is replaced by the father's spirit (St. John's Church).<\/p>\n\n\n\n<p style=\"margin-top:0;margin-right:0;margin-bottom:0;margin-left:0\">Reet Varblane<\/p>\n\n\n\n<p style=\"margin-top:0;margin-right:0;margin-bottom:0;margin-left:0\">We thank the Cultural Endowment of Estonia, the Estonian Cultural Society in Stockholm, the Postimees Foundation, Lembit Allikmets, the Art Museum of Estonia, Tartu Art Museum, Andri Ksenofontov, the hostel Looming, Liisi Tamme, the Department of Art History of University of Tartu, the Children's Art School of Tartu.<\/p>\n<\/div>\n<\/div><\/div>","protected":false},"excerpt":{"rendered":"<p>VAIM \u201cTeatepulga\u201d projekti teises peatuspunktis m\u00f5tisklevad kuraatorid Marje Taska ja Reet Varblane vaimu ja vaimsuse v\u00f5imalike t\u00e4henduste \u00fcle. Tartu \u00dclikooli muuseum ja Jaani kirik 19. 03. \u2013 8. 05. 2022. Kuraatorid Marje Taska ja Reet Varblane, koordinaator Ingrid Sahk Kujundaja Villu Plink Kunstnikud Mare Vint, Linda Nurk (Rootsi), Uno Svensson (Rootsi), Andres Tali, Mare Mikoff, [&hellip;]<\/p>\n","protected":false},"author":1,"featured_media":0,"parent":0,"menu_order":0,"comment_status":"closed","ping_status":"closed","template":"","meta":{"_uag_custom_page_level_css":"","site-sidebar-layout":"default","site-content-layout":"","ast-site-content-layout":"default","site-content-style":"default","site-sidebar-style":"default","ast-global-header-display":"","ast-banner-title-visibility":"","ast-main-header-display":"","ast-hfb-above-header-display":"","ast-hfb-below-header-display":"","ast-hfb-mobile-header-display":"","site-post-title":"disabled","ast-breadcrumbs-content":"","ast-featured-img":"","footer-sml-layout":"","ast-disable-related-posts":"","theme-transparent-header-meta":"","adv-header-id-meta":"","stick-header-meta":"","header-above-stick-meta":"","header-main-stick-meta":"","header-below-stick-meta":"","astra-migrate-meta-layouts":"set","ast-page-background-enabled":"default","ast-page-background-meta":{"desktop":{"background-color":"var(--ast-global-color-4)","background-image":"","background-repeat":"repeat","background-position":"center center","background-size":"auto","background-attachment":"scroll","background-type":"","background-media":"","overlay-type":"","overlay-color":"","overlay-opacity":"","overlay-gradient":""},"tablet":{"background-color":"","background-image":"","background-repeat":"repeat","background-position":"center center","background-size":"auto","background-attachment":"scroll","background-type":"","background-media":"","overlay-type":"","overlay-color":"","overlay-opacity":"","overlay-gradient":""},"mobile":{"background-color":"","background-image":"","background-repeat":"repeat","background-position":"center center","background-size":"auto","background-attachment":"scroll","background-type":"","background-media":"","overlay-type":"","overlay-color":"","overlay-opacity":"","overlay-gradient":""}},"ast-content-background-meta":{"desktop":{"background-color":"var(--ast-global-color-5)","background-image":"","background-repeat":"repeat","background-position":"center center","background-size":"auto","background-attachment":"scroll","background-type":"","background-media":"","overlay-type":"","overlay-color":"","overlay-opacity":"","overlay-gradient":""},"tablet":{"background-color":"var(--ast-global-color-5)","background-image":"","background-repeat":"repeat","background-position":"center center","background-size":"auto","background-attachment":"scroll","background-type":"","background-media":"","overlay-type":"","overlay-color":"","overlay-opacity":"","overlay-gradient":""},"mobile":{"background-color":"var(--ast-global-color-5)","background-image":"","background-repeat":"repeat","background-position":"center center","background-size":"auto","background-attachment":"scroll","background-type":"","background-media":"","overlay-type":"","overlay-color":"","overlay-opacity":"","overlay-gradient":""}},"footnotes":""},"class_list":["post-9","page","type-page","status-publish","hentry"],"uagb_featured_image_src":{"full":false,"thumbnail":false,"medium":false,"medium_large":false,"large":false,"1536x1536":false,"2048x2048":false,"trp-custom-language-flag":false},"uagb_author_info":{"display_name":"admin","author_link":"http:\/\/teatepulk.com\/en\/author\/admin\/"},"uagb_comment_info":0,"uagb_excerpt":"VAIM \u201cTeatepulga\u201d projekti teises peatuspunktis m\u00f5tisklevad kuraatorid Marje Taska ja Reet Varblane vaimu ja vaimsuse v\u00f5imalike t\u00e4henduste \u00fcle. Tartu \u00dclikooli muuseum ja Jaani kirik 19. 03. \u2013 8. 05. 2022. Kuraatorid Marje Taska ja Reet Varblane, koordinaator Ingrid Sahk Kujundaja Villu Plink Kunstnikud Mare Vint, Linda Nurk (Rootsi), Uno Svensson (Rootsi), Andres Tali, Mare Mikoff,&hellip;","_links":{"self":[{"href":"http:\/\/teatepulk.com\/en\/wp-json\/wp\/v2\/pages\/9","targetHints":{"allow":["GET"]}}],"collection":[{"href":"http:\/\/teatepulk.com\/en\/wp-json\/wp\/v2\/pages"}],"about":[{"href":"http:\/\/teatepulk.com\/en\/wp-json\/wp\/v2\/types\/page"}],"author":[{"embeddable":true,"href":"http:\/\/teatepulk.com\/en\/wp-json\/wp\/v2\/users\/1"}],"replies":[{"embeddable":true,"href":"http:\/\/teatepulk.com\/en\/wp-json\/wp\/v2\/comments?post=9"}],"version-history":[{"count":59,"href":"http:\/\/teatepulk.com\/en\/wp-json\/wp\/v2\/pages\/9\/revisions"}],"predecessor-version":[{"id":845,"href":"http:\/\/teatepulk.com\/en\/wp-json\/wp\/v2\/pages\/9\/revisions\/845"}],"wp:attachment":[{"href":"http:\/\/teatepulk.com\/en\/wp-json\/wp\/v2\/media?parent=9"}],"curies":[{"name":"wp","href":"https:\/\/api.w.org\/{rel}","templated":true}]}}